{"id":167,"date":"2025-10-03T01:55:15","date_gmt":"2025-10-03T04:55:15","guid":{"rendered":"http:\/\/hsbcontabilidade.com\/?page_id=167"},"modified":"2025-10-03T05:24:54","modified_gmt":"2025-10-03T08:24:54","slug":"contabilidade","status":"publish","type":"page","link":"https:\/\/hsbcontabilidade.com\/?page_id=167","title":{"rendered":"Contabilidade"},"content":{"rendered":"\n<div class=\"wp-block-group alignfull section-faq has-gray-background-color has-background is-layout-constrained wp-container-core-group-is-layout-eecac0da wp-block-group-is-layout-constrained\" style=\"padding-right:var(--wp--preset--spacing--small);padding-left:var(--wp--preset--spacing--small)\">\n<div style=\"height:2rem\" aria-hidden=\"true\" class=\"wp-block-spacer\"><\/div>\n\n\n\n<hr class=\"wp-block-separator has-alpha-channel-opacity\"\/>\n\n\n\n<h2 class=\"wp-block-heading has-text-align-center\">O Que Oferecemos<\/h2>\n\n\n\n<p>Nossos servi\u00e7os cont\u00e1beis s\u00e3o projetados para cobrir todas as \u00e1reas cr\u00edticas da sua opera\u00e7\u00e3o, garantindo tranquilidade e foco no seu <em>core business<\/em>.<\/p>\n\n\n\n<p><\/p>\n\n\n\n<h3 class=\"wp-block-heading\">Contabilidade Geral e Gerencial<\/h3>\n\n\n\n<ul class=\"wp-block-list\">\n<li><strong>Lan\u00e7amentos Cont\u00e1beis:<\/strong> Registro e organiza\u00e7\u00e3o de todas as transa\u00e7\u00f5es financeiras da empresa.<\/li>\n\n\n\n<li><strong>Elabora\u00e7\u00e3o de Demonstrativos:<\/strong> Prepara\u00e7\u00e3o de Balan\u00e7o Patrimonial, DRE (Demonstra\u00e7\u00e3o do Resultado do Exerc\u00edcio) e outros relat\u00f3rios essenciais para a sa\u00fade financeira.<\/li>\n\n\n\n<li><strong>An\u00e1lise Gerencial:<\/strong> Transformamos n\u00fameros em <em>insights<\/em> valiosos, ajudando voc\u00ea a entender o desempenho da empresa e identificar pontos de melhoria e oportunidades de crescimento.<\/li>\n<\/ul>\n\n\n\n<p><\/p>\n\n\n\n<h3 class=\"wp-block-heading\">Departamento Fiscal e Tribut\u00e1rio<\/h3>\n\n\n\n<ul class=\"wp-block-list\">\n<li><strong>Apura\u00e7\u00e3o de Impostos:<\/strong> C\u00e1lculo correto e pontual de todos os tributos federais, estaduais e municipais.<\/li>\n\n\n\n<li><strong>Planejamento Tribut\u00e1rio:<\/strong> An\u00e1lise detalhada para identificar o regime tribut\u00e1rio mais vantajoso (Simples Nacional, Lucro Presumido ou Lucro Real), buscando a <strong>redu\u00e7\u00e3o legal da carga fiscal<\/strong>.<\/li>\n\n\n\n<li><strong>Entrega de Obriga\u00e7\u00f5es Acess\u00f3rias:<\/strong> Cumprimento de todas as declara\u00e7\u00f5es exigidas pelos \u00f3rg\u00e3os fiscalizadores (e.g., SPEDs, DCTF, ECF).<\/li>\n<\/ul>\n\n\n\n<p><\/p>\n\n\n\n<h3 class=\"wp-block-heading\">Departamento Pessoal e RH<\/h3>\n\n\n\n<ul class=\"wp-block-list\">\n<li><strong>Folha de Pagamento:<\/strong> Processamento completo da folha, incluindo c\u00e1lculos de sal\u00e1rios, f\u00e9rias, 13\u00ba e rescis\u00f5es.<\/li>\n\n\n\n<li><strong>Obriga\u00e7\u00f5es Trabalhistas:<\/strong> Gerenciamento e envio de informa\u00e7\u00f5es ao eSocial e demais exig\u00eancias legais.<\/li>\n\n\n\n<li><strong>Assessoria Trabalhista:<\/strong> Orienta\u00e7\u00e3o sobre contrata\u00e7\u00f5es, demiss\u00f5es e todas as nuances da legisla\u00e7\u00e3o do trabalho.<\/li>\n<\/ul>\n\n\n\n<p><\/p>\n\n\n\n<h3 class=\"wp-block-heading\">Abertura, Altera\u00e7\u00e3o e Encerramento de Empresas (Societ\u00e1rio)<\/h3>\n\n\n\n<ul class=\"wp-block-list\">\n<li><strong>Formaliza\u00e7\u00e3o do Neg\u00f3cio:<\/strong> Assessoria completa desde a escolha do tipo jur\u00eddico (MEI, EIRELI, LTDA, S.A.) at\u00e9 a obten\u00e7\u00e3o de CNPJ e alvar\u00e1s.<\/li>\n\n\n\n<li><strong>Altera\u00e7\u00f5es Contratuais:<\/strong> Mudan\u00e7a de s\u00f3cios, endere\u00e7o, capital social e atividade (CNAE).<\/li>\n\n\n\n<li><strong>Encerramento:<\/strong> Processo de baixa e regulariza\u00e7\u00e3o para fechamento de empresas.<\/li>\n<\/ul>\n\n\n\n<p><\/p>\n\n\n\n<hr class=\"wp-block-separator has-alpha-channel-opacity\"\/>\n\n\n\n<div class=\"wp-block-group is-layout-constrained wp-block-group-is-layout-constrained\">\n<h2 class=\"wp-block-heading has-text-align-center\">Por Que Escolher Nossos Servi\u00e7os?<\/h2>\n\n\n\n<h3 class=\"wp-block-heading\">1. Foco Estrat\u00e9gico<\/h3>\n\n\n\n<p>N\u00f3s vamos al\u00e9m do b\u00e1sico. Usamos a contabilidade como uma <strong>ferramenta de gest\u00e3o<\/strong>, fornecendo relat\u00f3rios customizados que apoiam suas decis\u00f5es de investimento, custos e precifica\u00e7\u00e3o.<\/p>\n\n\n\n<h3 class=\"wp-block-heading\">2. Conformidade e Seguran\u00e7a<\/h3>\n\n\n\n<p>Nossa equipe est\u00e1 sempre atualizada com a complexa e constante mudan\u00e7a da legisla\u00e7\u00e3o brasileira. Isso garante que sua empresa esteja <strong>sempre em dia<\/strong> com todas as obriga\u00e7\u00f5es, <strong>evitando multas e autua\u00e7\u00f5es<\/strong> fiscais.<\/p>\n\n\n\n<h3 class=\"wp-block-heading\">3. Tecnologia e Efici\u00eancia<\/h3>\n\n\n\n<p>Utilizamos <em>softwares<\/em> cont\u00e1beis de ponta para garantir a <strong>precis\u00e3o e a agilidade<\/strong> no processamento de seus dados, facilitando a troca de informa\u00e7\u00f5es e o acompanhamento em tempo real.<\/p>\n\n\n\n<h3 class=\"wp-block-heading\">4. Atendimento Personalizado<\/h3>\n\n\n\n<p>Entendemos que cada neg\u00f3cio \u00e9 \u00fanico. Oferecemos um <strong>atendimento consultivo e dedicado<\/strong>, focado nas particularidades e nos objetivos espec\u00edficos da sua \u00e1rea de atua\u00e7\u00e3o.<\/p>\n\n\n\n<p><\/p>\n\n\n\n<hr class=\"wp-block-separator has-alpha-channel-opacity\"\/>\n<\/div>\n\n\n\n<blockquote class=\"wp-block-quote is-layout-flow wp-block-quote-is-layout-flow\">\n<h2 class=\"wp-block-heading has-text-align-center\">Pronto para Ter o Controle Total da sua Gest\u00e3o?<\/h2>\n\n\n\n<p>N\u00e3o deixe a complexidade da legisla\u00e7\u00e3o atrapalhar o crescimento do seu neg\u00f3cio. Deixe-nos cuidar da burocracia para que voc\u00ea se concentre em <strong>vender e inovar<\/strong>.<\/p>\n\n\n\n<p><strong>Fale conosco hoje mesmo<\/strong> e agende uma conversa para descobrir como nossos servi\u00e7os cont\u00e1beis podem transformar a sa\u00fade financeira da sua empresa.<\/p>\n<\/blockquote>\n<\/div>\n\n\n\n<p><\/p>\n","protected":false},"excerpt":{"rendered":"<p>O Que Oferecemos Nossos servi\u00e7os cont\u00e1beis s\u00e3o projetados para cobrir todas as \u00e1reas cr\u00edticas da&hellip;<\/p>\n","protected":false},"author":1,"featured_media":225,"parent":0,"menu_order":0,"comment_status":"closed","ping_status":"closed","template":"","meta":{"footnotes":""},"class_list":["post-167","page","type-page","status-publish","has-post-thumbnail","hentry"],"_links":{"self":[{"href":"https:\/\/hsbcontabilidade.com\/index.php?rest_route=\/wp\/v2\/pages\/167","targetHints":{"allow":["GET"]}}],"collection":[{"href":"https:\/\/hsbcontabilidade.com\/index.php?rest_route=\/wp\/v2\/pages"}],"about":[{"href":"https:\/\/hsbcontabilidade.com\/index.php?rest_route=\/wp\/v2\/types\/page"}],"author":[{"embeddable":true,"href":"https:\/\/hsbcontabilidade.com\/index.php?rest_route=\/wp\/v2\/users\/1"}],"replies":[{"embeddable":true,"href":"https:\/\/hsbcontabilidade.com\/index.php?rest_route=%2Fwp%2Fv2%2Fcomments&post=167"}],"version-history":[{"count":9,"href":"https:\/\/hsbcontabilidade.com\/index.php?rest_route=\/wp\/v2\/pages\/167\/revisions"}],"predecessor-version":[{"id":252,"href":"https:\/\/hsbcontabilidade.com\/index.php?rest_route=\/wp\/v2\/pages\/167\/revisions\/252"}],"wp:featuredmedia":[{"embeddable":true,"href":"https:\/\/hsbcontabilidade.com\/index.php?rest_route=\/wp\/v2\/media\/225"}],"wp:attachment":[{"href":"https:\/\/hsbcontabilidade.com\/index.php?rest_route=%2Fwp%2Fv2%2Fmedia&parent=167"}],"curies":[{"name":"wp","href":"https:\/\/api.w.org\/{rel}","templated":true}]}}