{"id":19,"date":"2025-09-17T02:34:58","date_gmt":"2025-09-17T05:34:58","guid":{"rendered":"http:\/\/hsbcontabilidade.com\/?page_id=19"},"modified":"2025-10-03T05:29:36","modified_gmt":"2025-10-03T08:29:36","slug":"about","status":"publish","type":"page","link":"https:\/\/hsbcontabilidade.com\/?page_id=19","title":{"rendered":"Sobre a HSB"},"content":{"rendered":"\n<div class=\"wp-block-group alignwide is-layout-constrained wp-container-core-group-is-layout-7661b325 wp-block-group-is-layout-constrained\" style=\"margin-top:0;margin-bottom:0;padding-right:var(--wp--preset--spacing--small);padding-left:var(--wp--preset--spacing--small)\">\n<div class=\"wp-block-group alignwide is-layout-constrained wp-block-group-is-layout-constrained\">\n<div class=\"wp-block-columns are-vertically-aligned-top pattern-about is-layout-flex wp-container-core-columns-is-layout-28f84493 wp-block-columns-is-layout-flex\">\n<div class=\"wp-block-column is-vertically-aligned-top is-layout-flow wp-block-column-is-layout-flow\" style=\"flex-basis:70%\">\n<div class=\"wp-block-group alignwide is-layout-constrained wp-block-group-is-layout-constrained\">\n<p><\/p>\n<\/div>\n<\/div>\n<\/div>\n<\/div>\n\n\n\n<div class=\"wp-block-group is-layout-constrained wp-block-group-is-layout-constrained\">\n<p><strong>Mais de Duas D\u00e9cadas de Experi\u00eancia em Gest\u00e3o de Propriedades<\/strong><\/p>\n\n\n\n<p>Com <strong>mais de 23 anos<\/strong> de hist\u00f3ria, o s\u00f3cio fundador <strong>Henrique Splicigo Benjamin<\/strong>, consolidou sua hist\u00f3ria em <strong>gest\u00e3o de propriedades<\/strong>. Essa longevidade \u00e9 um reflexo de um compromisso inabal\u00e1vel com a excel\u00eancia, dedica\u00e7\u00e3o e, acima de tudo, a satisfa\u00e7\u00e3o dos clientes.<\/p>\n\n\n\n<hr class=\"wp-block-separator has-alpha-channel-opacity\"\/>\n\n\n\n<h3 class=\"wp-block-heading\"><strong>Profissionalismo e Transpar\u00eancia em Cada Detalhe<\/strong><\/h3>\n\n\n\n<p>Em um mercado em constante evolu\u00e7\u00e3o, mantemos o nosso diferencial investindo continuamente na nossa equipe. Nossos <strong>profissionais<\/strong> est\u00e3o em <strong>constante atualiza\u00e7\u00e3o<\/strong> com as mais recentes <strong>normas e regulamentos<\/strong> do setor. Isso garante que cada propriedade sob nossa gest\u00e3o esteja sempre em conformidade, otimizada e valorizada.<\/p>\n\n\n\n<p>Trabalhamos com base em pilares s\u00f3lidos:<\/p>\n\n\n\n<ul class=\"wp-block-list\">\n<li><strong>Profissionalismo:<\/strong> Agindo sempre com compet\u00eancia t\u00e9cnica e \u00e9tica.<\/li>\n\n\n\n<li><strong>Dedica\u00e7\u00e3o:<\/strong> Colocando o interesse da sua propriedade em primeiro lugar.<\/li>\n\n\n\n<li><strong>Transpar\u00eancia:<\/strong> Garantindo comunica\u00e7\u00e3o clara e aberta em todas as opera\u00e7\u00f5es financeiras e administrativas.<\/li>\n<\/ul>\n\n\n\n<p>Ao nos escolher, voc\u00ea opta por uma gest\u00e3o que une a experi\u00eancia de mais de duas d\u00e9cadas com a agilidade e o conhecimento atualizado que o mercado moderno exige. Confie a sua propriedade a quem tem hist\u00f3ria, dedica\u00e7\u00e3o e um compromisso real com a sua tranquilidade.<\/p>\n\n\n\n<hr class=\"wp-block-separator has-alpha-channel-opacity\"\/>\n\n\n\n<p><strong>Fale conosco e descubra como a nossa gest\u00e3o pode fazer a diferen\u00e7a para o seu patrim\u00f4nio.<\/strong><\/p>\n<\/div>\n<\/div>\n","protected":false},"excerpt":{"rendered":"<p>Mais de Duas D\u00e9cadas de Experi\u00eancia em Gest\u00e3o de Propriedades Com mais de 23 anos&hellip;<\/p>\n","protected":false},"author":1,"featured_media":236,"parent":0,"menu_order":0,"comment_status":"closed","ping_status":"closed","template":"","meta":{"footnotes":""},"class_list":["post-19","page","type-page","status-publish","has-post-thumbnail","hentry"],"_links":{"self":[{"href":"https:\/\/hsbcontabilidade.com\/index.php?rest_route=\/wp\/v2\/pages\/19","targetHints":{"allow":["GET"]}}],"collection":[{"href":"https:\/\/hsbcontabilidade.com\/index.php?rest_route=\/wp\/v2\/pages"}],"about":[{"href":"https:\/\/hsbcontabilidade.com\/index.php?rest_route=\/wp\/v2\/types\/page"}],"author":[{"embeddable":true,"href":"https:\/\/hsbcontabilidade.com\/index.php?rest_route=\/wp\/v2\/users\/1"}],"replies":[{"embeddable":true,"href":"https:\/\/hsbcontabilidade.com\/index.php?rest_route=%2Fwp%2Fv2%2Fcomments&post=19"}],"version-history":[{"count":6,"href":"https:\/\/hsbcontabilidade.com\/index.php?rest_route=\/wp\/v2\/pages\/19\/revisions"}],"predecessor-version":[{"id":253,"href":"https:\/\/hsbcontabilidade.com\/index.php?rest_route=\/wp\/v2\/pages\/19\/revisions\/253"}],"wp:featuredmedia":[{"embeddable":true,"href":"https:\/\/hsbcontabilidade.com\/index.php?rest_route=\/wp\/v2\/media\/236"}],"wp:attachment":[{"href":"https:\/\/hsbcontabilidade.com\/index.php?rest_route=%2Fwp%2Fv2%2Fmedia&parent=19"}],"curies":[{"name":"wp","href":"https:\/\/api.w.org\/{rel}","templated":true}]}}